{"id":145422,"date":"2025-01-24T14:39:06","date_gmt":"2025-01-24T13:39:06","guid":{"rendered":"https:\/\/altis-project.com\/?page_id=145422"},"modified":"2025-02-11T11:17:37","modified_gmt":"2025-02-11T10:17:37","slug":"building-analysis-and-real-estate-support","status":"publish","type":"page","link":"https:\/\/altis-project.com\/it\/services\/building-analysis-and-real-estate-support\/","title":{"rendered":"Consulenza Real Estate"},"content":{"rendered":"<div class=\"wpb-content-wrapper\"><div data-parent=\"true\" class=\"vc_row style-back_color-155128-bg row-container has-dividers\" style=\"z-index: 1;\" id=\"row-unique-0\"><div class=\"row-background background-element\" style=\"opacity: 1;\">\n\t\t\t\t\t\t\t\t\t\t\t<div class=\"background-wrapper\">\n\t\t\t\t\t\t\t\t\t\t\t\t<div class=\"background-inner\"><\/div>\n\t\t\t\t\t\t\t\t\t\t\t\t<div class=\"block-bg-overlay block-bg-blend-mode for-ie\" style=\"opacity: 0.45;\"><\/div><div class=\"block-bg-overlay block-bg-blend-mode not-ie\" style=\"mix-blend-mode:hard-light;\" data-bg-noise-1=\"#ff2970\" data-bg-noise-2=\"#dbff33\" data-bg-noise-speed=\"200\" data-bg-noise-size=\"0.35\"><span class=\"uncode-canvas-bg-noise-wrap\"><\/span><\/div>\n\t\t\t\t\t\t\t\t\t\t\t<\/div>\n\t\t\t\t\t\t\t\t\t\t<\/div><div class=\"uncode-divider-wrap uncode-divider-wrap-top z_index_0\" style=\"height: 100%;\" data-height=\"100\" data-unit=\"%\"><svg version=\"1.1\" class=\"uncode-row-divider uncode-row-divider-step_2_3\" x=\"0px\" y=\"0px\" width=\"240px\" height=\"24px\" viewbox=\"0 0 240 24\" enable-background=\"new 0 0 240 24\" xml:space=\"preserve\" preserveaspectratio=\"none\">\n\t\t<path fill=\"#141618\" d=\"M0,0v24h160V0H0z\"\/>\n\t\t<\/svg><\/div><div class=\"uncode-divider-wrap uncode-divider-wrap-bottom z_index_0\" style=\"height: 48%;\" data-height=\"48\" data-unit=\"%\"><svg version=\"1.1\" class=\"uncode-row-divider uncode-row-divider-step\" x=\"0px\" y=\"0px\" width=\"240px\" height=\"24px\" viewbox=\"0 0 240 24\" enable-background=\"new 0 0 240 24\" xml:space=\"preserve\" preserveaspectratio=\"none\">\n\t\t<path fill=\"#141618\" d=\"M240,0v24H0V0H240z\"\/>\n\t\t<\/svg><\/div><div class=\"row triple-top-padding single-bottom-padding single-h-padding limit-width row-parent\"><div class=\"wpb_row row-inner\"><div class=\"wpb_column pos-top pos-center align_center column_parent col-lg-12 half-internal-gutter\"><div class=\"uncol style-light\"  ><div class=\"uncoltable\"><div class=\"uncell no-block-padding\" ><div class=\"uncont\" ><div class=\"vc_row row-internal row-container\"><div class=\"row row-next-to-blend row-child\"><div class=\"wpb_row row-inner\"><div class=\"wpb_column pos-top pos-left align_left column_child col-lg-8 half-internal-gutter\"><div class=\"uncol style-light\" ><div class=\"uncoltable\"><div class=\"uncell no-block-padding\" ><div class=\"uncont\" style=\" max-width:80%;\" ><div class=\"vc_custom_heading_wrap\"><div class=\"heading-text el-text\" ><h6 class=\"h5 text-color-175130-color text-uppercase\" ><span>Servizi<\/span><\/h6><\/div><div class=\"clear\"><\/div><\/div><div class=\"vc_custom_heading_wrap\"><div class=\"heading-text el-text\" ><h2 class=\"font-480443 h2 text-color-lxmt-color\" ><span>Consulenza Real Estate<\/span><\/h2><\/div><div class=\"clear\"><\/div><\/div><div class=\"uncode_text_column text-lead text-color-lxmt-color\" ><p>Valutazione approfondita della propriet\u00e0 per fornire un supporto strategico nelle decisioni relative agli spazi.<\/p>\n<\/div><div class=\"empty-space empty-half\" ><span class=\"empty-space-inner\"><\/span><\/div>\n<\/div><\/div><\/div><\/div><\/div><div class=\"wpb_column pos-bottom pos-center align_left column_child col-lg-4 single-internal-gutter\"><div class=\"uncol style-light shift_x_neg_triple\" ><div class=\"uncoltable\"><div class=\"uncell no-block-padding    parallax-el\" data-rellax-percentage=\"0.5\" data-rellax-speed=\"4\"><div class=\"uncont\" ><div class=\"uncode-single-media  text-left\"><div class=\"single-wrapper\" style=\"max-width: 140px;\"><div class=\"tmb tmb-light  tmb-media-first tmb-media-last tmb-content-overlay tmb-no-bg\"><div class=\"t-inside\"><div class=\"t-entry-visual\"><div class=\"t-entry-visual-tc\"><div class=\"uncode-single-media-wrapper\"><img decoding=\"async\" class=\"wp-image-145749\" src=\"https:\/\/altis-project.com\/wp-content\/uploads\/2025\/01\/assessing-gr-altis-min.png\" width=\"512\" height=\"512\" alt=\"\" srcset=\"https:\/\/altis-project.com\/wp-content\/uploads\/2025\/01\/assessing-gr-altis-min.png 512w, https:\/\/altis-project.com\/wp-content\/uploads\/2025\/01\/assessing-gr-altis-min-300x300.png 300w, https:\/\/altis-project.com\/wp-content\/uploads\/2025\/01\/assessing-gr-altis-min-150x150.png 150w, https:\/\/altis-project.com\/wp-content\/uploads\/2025\/01\/assessing-gr-altis-min-350x350.png 350w, https:\/\/altis-project.com\/wp-content\/uploads\/2025\/01\/assessing-gr-altis-min-348x348.png 348w\" sizes=\"(max-width: 512px) 100vw, 512px\" \/><\/div>\n\t\t\t\t\t<\/div>\n\t\t\t\t<\/div><\/div><\/div><\/div><\/div><div class=\"empty-space empty-half\" ><span class=\"empty-space-inner\"><\/span><\/div>\n<\/div><\/div><\/div><\/div><\/div><\/div><\/div><\/div><div class=\"vc_row service-row row-internal row-container\"><div class=\"row row-next-to-blend unequal col-half-gutter row-child\"><div class=\"wpb_row row-inner\"><div class=\"wpb_column pos-top pos-center align_left column_child col-lg-4 custom-hover-box col-md-33 half-internal-gutter\"><div class=\"uncol style-light\" ><div class=\"uncoltable\"><div class=\"uncell double-block-padding style-color-175130-bg  unradius-sm\" ><div class=\"uncont\" ><div class=\"vc_custom_heading_wrap\"><div class=\"heading-text el-text\" ><h3 class=\"font-480443 h4\" ><span>Valutazione strutturale<\/span><\/h3><\/div><div class=\"clear\"><\/div><\/div><div class=\"uncode_text_column\" ><p>Analisi delle condizioni dell\u2019edificio per determinare l\u2019integrit\u00e0 strutturale e identificare le potenzialit\u00e0 di sviluppo.<\/p>\n<\/div><\/div><\/div><\/div><\/div><\/div><div class=\"wpb_column pos-top pos-center align_left column_child col-lg-4 custom-hover-box col-md-33 half-internal-gutter\"><div class=\"uncol style-light\" ><div class=\"uncoltable\"><div class=\"uncell double-block-padding style-color-175130-bg  unradius-sm\" ><div class=\"uncont\" ><div class=\"vc_custom_heading_wrap\"><div class=\"heading-text el-text\" ><h3 class=\"font-480443 h4\" ><span>Due diligence tecnica e normativa<\/span><\/h3><\/div><div class=\"clear\"><\/div><\/div><div class=\"uncode_text_column\" ><p>Verifica della piena conformit\u00e0 alle normative edilizie, urbanistiche e catastali per prevenire problematiche legali e tecniche.<\/p>\n<\/div><\/div><\/div><\/div><\/div><\/div><div class=\"wpb_column pos-top pos-center align_left column_child col-lg-4 custom-hover-box col-md-33 half-internal-gutter\"><div class=\"uncol style-light\" ><div class=\"uncoltable\"><div class=\"uncell double-block-padding style-color-175130-bg  unradius-sm\" ><div class=\"uncont\" ><div class=\"vc_custom_heading_wrap\"><div class=\"heading-text el-text\" ><h3 class=\"font-480443 h4\" ><span>Feasibility Study &#038; Transit Impact Report<\/span><\/h3><\/div><div class=\"clear\"><\/div><\/div><div class=\"uncode_text_column\" ><p>Analisi delle potenzialit\u00e0 di utilizzo e adattabilit\u00e0 degli spazi, considerando anche fattori esterni come accessibilit\u00e0 e impatto sugli spostamenti dei dipendenti.<\/p>\n<\/div><\/div><\/div><\/div><\/div><\/div><\/div><\/div><\/div><div class=\"vc_row service-row row-internal row-container\"><div class=\"row row-next-to-blend unequal col-half-gutter row-child\"><div class=\"wpb_row row-inner\"><div class=\"wpb_column pos-top pos-center align_left column_child col-lg-4 custom-hover-box col-md-33 half-internal-gutter\"><div class=\"uncol style-light\" ><div class=\"uncoltable\"><div class=\"uncell double-block-padding style-color-175130-bg  unradius-sm\" ><div class=\"uncont\" ><div class=\"vc_custom_heading_wrap\"><div class=\"heading-text el-text\" ><h3 class=\"font-480443 h4\" ><span>Confronto delle Opzioni immobiliari<\/span><\/h3><\/div><div class=\"clear\"><\/div><\/div><div class=\"uncode_text_column\" ><p>Supporto nella valutazione di diverse opzioni immobiliari attraverso l\u2019analisi dei layout, delle implicazioni economiche e dei principali vantaggi.<\/p>\n<\/div><\/div><\/div><\/div><\/div><\/div><div class=\"wpb_column pos-top pos-center align_left column_child col-lg-4 custom-hover-box col-md-33 half-internal-gutter\"><div class=\"uncol style-light\" ><div class=\"uncoltable\"><div class=\"uncell double-block-padding style-color-175130-bg  unradius-sm\" ><div class=\"uncont\" ><div class=\"vc_custom_heading_wrap\"><div class=\"heading-text el-text\" ><h3 class=\"font-480443 h4\" ><span>Space Budget Development &#038; Early Programming<\/span><\/h3><\/div><div class=\"clear\"><\/div><\/div><div class=\"uncode_text_column\" ><p>Definizione delle allocazioni finanziarie e della pianificazione iniziale per un utilizzo efficiente e conveniente degli spazi.<\/p>\n<\/div><\/div><\/div><\/div><\/div><\/div><div class=\"wpb_column pos-top pos-center align_left column_child col-lg-4 custom-hover-box col-md-33 half-internal-gutter\"><div class=\"uncol style-light\" ><div class=\"uncoltable\"><div class=\"uncell double-block-padding style-color-175130-bg  unradius-sm\" ><div class=\"uncont\" ><div class=\"vc_custom_heading_wrap\"><div class=\"heading-text el-text\" ><h3 class=\"font-480443 h4\" ><span>Test-Fit preliminari e Budget<\/span><\/h3><\/div><div class=\"clear\"><\/div><\/div><div class=\"uncode_text_column\" ><p>Analisi preliminari degli spazi per esplorare le possibilit\u00e0 di layout e stimare i costi iniziali del progetto.<\/p>\n<\/div><\/div><\/div><\/div><\/div><\/div><\/div><\/div><\/div><div class=\"empty-space empty-single\" ><span class=\"empty-space-inner\"><\/span><\/div>\n<span class=\"btn-container\" ><a href=\"\/it\/contact-us\/\" class=\"custom-link btn border-width-0 arrow-btn gradient-invert btn-text-skin btn-button_color-159704 btn-outline btn-no-scale btn-icon-right\" title=\"Contattaci\">Piacere di conoscerti<i class=\"fa fa-arrow-right2\"><\/i><\/a><\/span><div class=\"empty-space empty-single\" ><span class=\"empty-space-inner\"><\/span><\/div>\n<span class=\"btn-container\" ><a href=\"https:\/\/altis-project.com\/it\/#services\" class=\"custom-link btn-hover-accent btn-underline-out border-width-0 btn-underline-in text-color-lxmt-color btn-no-scale btn-icon-left\" title=\"Altis Project - Services\"><span><i class=\"fa fa-arrow-left2\"><\/i>Torna a tutti i servizi<\/span><\/a><\/span><\/div><\/div><\/div><\/div><\/div><script id=\"script-row-unique-0\" data-row=\"script-row-unique-0\" type=\"text\/javascript\" class=\"vc_controls\">UNCODE.initRow(document.getElementById(\"row-unique-0\"));<\/script><\/div><\/div><\/div>\n<\/div>","protected":false},"excerpt":{"rendered":"ServicesBuilding Analysis and Real Estate SupportA thorough assessment of the property to provide strategic guidance in space-related decisions. Structural AssessmentEvaluating [...]","protected":false},"author":2,"featured_media":0,"parent":145610,"menu_order":0,"comment_status":"closed","ping_status":"closed","template":"","meta":{"iawp_total_views":147,"footnotes":""},"class_list":["post-145422","page","type-page","status-publish","hentry","page_category-services"],"yoast_head":"<!-- This site is optimized with the Yoast SEO plugin v24.6 - https:\/\/yoast.com\/wordpress\/plugins\/seo\/ -->\n<title>Building Analysis and Real Estate Support - Altis Project Srl<\/title>\n<meta name=\"robots\" content=\"index, follow, max-snippet:-1, max-image-preview:large, max-video-preview:-1\" \/>\n<link rel=\"canonical\" href=\"https:\/\/altis-project.com\/it\/services\/building-analysis-and-real-estate-support\/\" \/>\n<meta property=\"og:locale\" content=\"it_IT\" \/>\n<meta property=\"og:type\" content=\"article\" \/>\n<meta property=\"og:title\" content=\"Building Analysis and Real Estate Support - Altis Project Srl\" \/>\n<meta property=\"og:url\" content=\"https:\/\/altis-project.com\/it\/services\/building-analysis-and-real-estate-support\/\" \/>\n<meta property=\"og:site_name\" content=\"Altis Project Srl\" \/>\n<meta property=\"article:modified_time\" content=\"2025-02-11T10:17:37+00:00\" \/>\n<meta name=\"twitter:card\" content=\"summary_large_image\" \/>\n<meta name=\"twitter:label1\" content=\"Tempo di lettura stimato\" \/>\n\t<meta name=\"twitter:data1\" content=\"6 minuti\" \/>\n<script type=\"application\/ld+json\" class=\"yoast-schema-graph\">{\"@context\":\"https:\/\/schema.org\",\"@graph\":[{\"@type\":\"WebPage\",\"@id\":\"https:\/\/altis-project.com\/services\/building-analysis-and-real-estate-support\/\",\"url\":\"https:\/\/altis-project.com\/services\/building-analysis-and-real-estate-support\/\",\"name\":\"Building Analysis and Real Estate Support - Altis Project Srl\",\"isPartOf\":{\"@id\":\"https:\/\/altis-project.com\/#website\"},\"datePublished\":\"2025-01-24T13:39:06+00:00\",\"dateModified\":\"2025-02-11T10:17:37+00:00\",\"breadcrumb\":{\"@id\":\"https:\/\/altis-project.com\/services\/building-analysis-and-real-estate-support\/#breadcrumb\"},\"inLanguage\":\"it-IT\",\"potentialAction\":[{\"@type\":\"ReadAction\",\"target\":[\"https:\/\/altis-project.com\/services\/building-analysis-and-real-estate-support\/\"]}]},{\"@type\":\"BreadcrumbList\",\"@id\":\"https:\/\/altis-project.com\/services\/building-analysis-and-real-estate-support\/#breadcrumb\",\"itemListElement\":[{\"@type\":\"ListItem\",\"position\":1,\"name\":\"Home\",\"item\":\"https:\/\/altis-project.com\/\"},{\"@type\":\"ListItem\",\"position\":2,\"name\":\"Services\",\"item\":\"https:\/\/altis-project.com\/services\/\"},{\"@type\":\"ListItem\",\"position\":3,\"name\":\"Building Analysis and Real Estate Support\"}]},{\"@type\":\"WebSite\",\"@id\":\"https:\/\/altis-project.com\/#website\",\"url\":\"https:\/\/altis-project.com\/\",\"name\":\"Altis Project Srl\",\"description\":\"Designing spaces, elevating lives.\",\"potentialAction\":[{\"@type\":\"SearchAction\",\"target\":{\"@type\":\"EntryPoint\",\"urlTemplate\":\"https:\/\/altis-project.com\/?s={search_term_string}\"},\"query-input\":{\"@type\":\"PropertyValueSpecification\",\"valueRequired\":true,\"valueName\":\"search_term_string\"}}],\"inLanguage\":\"it-IT\"}]}<\/script>\n<!-- \/ Yoast SEO plugin. -->","yoast_head_json":{"title":"Building Analysis and Real Estate Support - Altis Project Srl","robots":{"index":"index","follow":"follow","max-snippet":"max-snippet:-1","max-image-preview":"max-image-preview:large","max-video-preview":"max-video-preview:-1"},"canonical":"https:\/\/altis-project.com\/it\/services\/building-analysis-and-real-estate-support\/","og_locale":"it_IT","og_type":"article","og_title":"Building Analysis and Real Estate Support - Altis Project Srl","og_url":"https:\/\/altis-project.com\/it\/services\/building-analysis-and-real-estate-support\/","og_site_name":"Altis Project Srl","article_modified_time":"2025-02-11T10:17:37+00:00","twitter_card":"summary_large_image","twitter_misc":{"Tempo di lettura stimato":"6 minuti"},"schema":{"@context":"https:\/\/schema.org","@graph":[{"@type":"WebPage","@id":"https:\/\/altis-project.com\/services\/building-analysis-and-real-estate-support\/","url":"https:\/\/altis-project.com\/services\/building-analysis-and-real-estate-support\/","name":"Building Analysis and Real Estate Support - Altis Project Srl","isPartOf":{"@id":"https:\/\/altis-project.com\/#website"},"datePublished":"2025-01-24T13:39:06+00:00","dateModified":"2025-02-11T10:17:37+00:00","breadcrumb":{"@id":"https:\/\/altis-project.com\/services\/building-analysis-and-real-estate-support\/#breadcrumb"},"inLanguage":"it-IT","potentialAction":[{"@type":"ReadAction","target":["https:\/\/altis-project.com\/services\/building-analysis-and-real-estate-support\/"]}]},{"@type":"BreadcrumbList","@id":"https:\/\/altis-project.com\/services\/building-analysis-and-real-estate-support\/#breadcrumb","itemListElement":[{"@type":"ListItem","position":1,"name":"Home","item":"https:\/\/altis-project.com\/"},{"@type":"ListItem","position":2,"name":"Services","item":"https:\/\/altis-project.com\/services\/"},{"@type":"ListItem","position":3,"name":"Building Analysis and Real Estate Support"}]},{"@type":"WebSite","@id":"https:\/\/altis-project.com\/#website","url":"https:\/\/altis-project.com\/","name":"Altis Project Srl","description":"Designing spaces, elevating lives.","potentialAction":[{"@type":"SearchAction","target":{"@type":"EntryPoint","urlTemplate":"https:\/\/altis-project.com\/?s={search_term_string}"},"query-input":{"@type":"PropertyValueSpecification","valueRequired":true,"valueName":"search_term_string"}}],"inLanguage":"it-IT"}]}},"_links":{"self":[{"href":"https:\/\/altis-project.com\/it\/wp-json\/wp\/v2\/pages\/145422","targetHints":{"allow":["GET"]}}],"collection":[{"href":"https:\/\/altis-project.com\/it\/wp-json\/wp\/v2\/pages"}],"about":[{"href":"https:\/\/altis-project.com\/it\/wp-json\/wp\/v2\/types\/page"}],"author":[{"embeddable":true,"href":"https:\/\/altis-project.com\/it\/wp-json\/wp\/v2\/users\/2"}],"replies":[{"embeddable":true,"href":"https:\/\/altis-project.com\/it\/wp-json\/wp\/v2\/comments?post=145422"}],"version-history":[{"count":10,"href":"https:\/\/altis-project.com\/it\/wp-json\/wp\/v2\/pages\/145422\/revisions"}],"predecessor-version":[{"id":146125,"href":"https:\/\/altis-project.com\/it\/wp-json\/wp\/v2\/pages\/145422\/revisions\/146125"}],"up":[{"embeddable":true,"href":"https:\/\/altis-project.com\/it\/wp-json\/wp\/v2\/pages\/145610"}],"wp:attachment":[{"href":"https:\/\/altis-project.com\/it\/wp-json\/wp\/v2\/media?parent=145422"}],"curies":[{"name":"wp","href":"https:\/\/api.w.org\/{rel}","templated":true}]}}