{"id":145532,"date":"2025-01-27T12:08:40","date_gmt":"2025-01-27T11:08:40","guid":{"rendered":"https:\/\/altis-project.com\/?page_id=145532"},"modified":"2025-02-26T13:10:44","modified_gmt":"2025-02-26T12:10:44","slug":"altis-for-real-estate-managers","status":"publish","type":"page","link":"https:\/\/altis-project.com\/it\/altis-for-real-estate-managers\/","title":{"rendered":"Altis per REAL ESTATE MANAGER"},"content":{"rendered":"<div class=\"wpb-content-wrapper\"><div data-parent=\"true\" class=\"vc_row style-back_color-503457-bg row-container has-dividers\" style=\"z-index: 1;\" id=\"row-unique-0\"><div class=\"row-background background-element\" style=\"opacity: 1;\">\n\t\t\t\t\t\t\t\t\t\t\t<div class=\"background-wrapper\">\n\t\t\t\t\t\t\t\t\t\t\t\t<div class=\"background-inner\"><\/div>\n\t\t\t\t\t\t\t\t\t\t\t\t<div class=\"block-bg-overlay block-bg-blend-mode for-ie\" style=\"opacity: 0.45;\"><\/div><div class=\"block-bg-overlay block-bg-blend-mode not-ie\" style=\"mix-blend-mode:hard-light;\" data-bg-noise-1=\"#2328ff\" data-bg-noise-2=\"#a1ffaa\" data-bg-noise-speed=\"200\" data-bg-noise-size=\"0.35\"><span class=\"uncode-canvas-bg-noise-wrap\"><\/span><\/div>\n\t\t\t\t\t\t\t\t\t\t\t<\/div>\n\t\t\t\t\t\t\t\t\t\t<\/div><div class=\"uncode-divider-wrap uncode-divider-wrap-top z_index_0\" style=\"height: 100%;\" data-height=\"100\" data-unit=\"%\"><svg version=\"1.1\" class=\"uncode-row-divider uncode-row-divider-step_2_3\" x=\"0px\" y=\"0px\" width=\"240px\" height=\"24px\" viewbox=\"0 0 240 24\" enable-background=\"new 0 0 240 24\" xml:space=\"preserve\" preserveaspectratio=\"none\">\n\t\t<path fill=\"#141618\" d=\"M0,0v24h160V0H0z\"\/>\n\t\t<\/svg><\/div><div class=\"uncode-divider-wrap uncode-divider-wrap-bottom z_index_0\" style=\"height: 48%;\" data-height=\"48\" data-unit=\"%\"><svg version=\"1.1\" class=\"uncode-row-divider uncode-row-divider-step\" x=\"0px\" y=\"0px\" width=\"240px\" height=\"24px\" viewbox=\"0 0 240 24\" enable-background=\"new 0 0 240 24\" xml:space=\"preserve\" preserveaspectratio=\"none\">\n\t\t<path fill=\"#141618\" d=\"M240,0v24H0V0H240z\"\/>\n\t\t<\/svg><\/div><div class=\"row triple-top-padding single-bottom-padding single-h-padding limit-width row-parent\"><div class=\"wpb_row row-inner\"><div class=\"wpb_column pos-top pos-center align_center column_parent col-lg-12 single-internal-gutter\"><div class=\"uncol style-light\"  ><div class=\"uncoltable\"><div class=\"uncell no-block-padding\" ><div class=\"uncont\" ><div class=\"vc_row row-internal row-container\"><div class=\"row row-next-to-blend row-child\"><div class=\"wpb_row row-inner\"><div class=\"wpb_column pos-top pos-left align_left column_child col-lg-12 half-internal-gutter\"><div class=\"uncol style-light\" ><div class=\"uncoltable\"><div class=\"uncell no-block-padding\" ><div class=\"uncont\" style=\" max-width:65%;\" ><div class=\"vc_custom_heading_wrap\"><div class=\"heading-text el-text\" ><h6 class=\"h5 text-color-175130-color text-uppercase\" ><span>Altis per REAL ESTATE MANAGER<\/span><\/h6><\/div><div class=\"clear\"><\/div><\/div><div class=\"vc_custom_heading_wrap\"><div class=\"heading-text el-text\" ><h1 class=\"font-480443 h1 text-color-lxmt-color\" ><span>Trasforma le sfide in opportunit\u00e0<\/span><\/h1><\/div><div class=\"clear\"><\/div><\/div><\/div><\/div><\/div><\/div><\/div><\/div><\/div><\/div><div class=\"vc_row row-internal row-container\"><div class=\"row row-next-to-blend col-double-gutter row-child\"><div class=\"wpb_row row-inner\"><div class=\"wpb_column pos-top pos-center align_left column_child col-lg-8 col-md-75 col-sm-100 double-internal-gutter\"><div class=\"uncol style-dark\" ><div class=\"uncoltable\"><div class=\"uncell no-block-padding\" ><div class=\"uncont\" ><div class=\"empty-space empty-single mobile-hidden\" ><span class=\"empty-space-inner\"><\/span><\/div>\n<div class=\"uncode_text_column text-lead text-color-lxmt-color\" ><p>Gestire un portfolio immobiliare dinamico nell'attuale panorama in continua evoluzione non \u00e8 un compito facile. Il trend del lavoro ibrido, le normative sulla sostenibilit\u00e0 e le pressioni economiche richiedono strategie innovative e una mentalit\u00e0 creativa.<\/p>\n<p>In Altis, collaboriamo con te per creare soluzioni flessibili e a prova di futuro, ottimizzando i tuoi spazi per generare valore a lungo termine. La nostra esperienza spazia dalla riconfigurazione dei layout fino ad arrivare al miglioramento dell'efficienza energetica degli uffici e ti aiuta a trasformare le sfide in opportunit\u00e0. Insieme, garantiremo che i tuoi asset rimangano preziosi e rilevanti.<\/p>\n<\/div><span class=\"btn-container btn-block\" ><a href=\"\/it\/contact-us\/\" class=\"custom-link btn border-width-0 arrow-btn gradient-invert-blu btn-button_color-966854 btn-block btn-no-scale btn-icon-right\">Costruiamo insieme soluzioni per il futuro del tuo portfolio immobiliare.<i class=\"fa fa-arrow-right2\"><\/i><\/a><\/span><\/div><\/div><\/div><\/div><\/div><div class=\"wpb_column pos-top pos-center align_left column_child col-lg-4 col-sm-clear single-internal-gutter\"><div class=\"uncol style-light shift_y_neg_double\" ><div class=\"uncoltable\"><div class=\"uncell no-block-padding    parallax-el\" data-rellax-percentage=\"0.5\" data-rellax-speed=\"3\"><div class=\"uncont\" ><div class=\"uncode-single-media  text-left\"><div class=\"single-wrapper\" style=\"max-width: 100%;\"><div class=\"tmb tmb-light  tmb-img-ratio tmb-media-first tmb-media-last tmb-content-overlay tmb-no-bg\"><div class=\"t-inside\"><div class=\"t-entry-visual\"><div class=\"t-entry-visual-tc\"><div class=\"uncode-single-media-wrapper\"><div class=\"dummy\" style=\"padding-top: 125%;\"><\/div><img decoding=\"async\" class=\"wp-image-132795\" src=\"https:\/\/altis-project.com\/wp-content\/uploads\/2025\/01\/gradient-3-uai-640x800.jpg\" width=\"640\" height=\"800\" alt=\"\"><\/div>\n\t\t\t\t\t<\/div>\n\t\t\t\t<\/div><\/div><\/div><\/div><\/div><\/div><\/div><\/div><\/div><\/div><\/div><\/div><\/div><\/div><\/div><\/div><\/div><\/div><script id=\"script-row-unique-0\" data-row=\"script-row-unique-0\" type=\"text\/javascript\" class=\"vc_controls\">UNCODE.initRow(document.getElementById(\"row-unique-0\"));<\/script><\/div><\/div><\/div>\n<\/div>","protected":false},"excerpt":{"rendered":"Altis for Real Estate ManagersTransform Challenges into Opportunities Managing a dynamic portfolio in today\u2019s shifting landscape is no easy feat. [...]","protected":false},"author":2,"featured_media":132796,"parent":0,"menu_order":0,"comment_status":"closed","ping_status":"closed","template":"","meta":{"iawp_total_views":105,"footnotes":""},"class_list":["post-145532","page","type-page","status-publish","has-post-thumbnail","hentry","page_category-altis-for"],"yoast_head":"<!-- This site is optimized with the Yoast SEO plugin v24.6 - https:\/\/yoast.com\/wordpress\/plugins\/seo\/ -->\n<title>Altis for Real Estate Managers - Altis Project Srl<\/title>\n<meta name=\"robots\" content=\"index, follow, max-snippet:-1, max-image-preview:large, max-video-preview:-1\" \/>\n<link rel=\"canonical\" href=\"https:\/\/altis-project.com\/it\/altis-for-real-estate-managers\/\" \/>\n<meta property=\"og:locale\" content=\"it_IT\" \/>\n<meta property=\"og:type\" content=\"article\" \/>\n<meta property=\"og:title\" content=\"Altis for Real Estate Managers - Altis Project Srl\" \/>\n<meta property=\"og:url\" content=\"https:\/\/altis-project.com\/it\/altis-for-real-estate-managers\/\" \/>\n<meta property=\"og:site_name\" content=\"Altis Project Srl\" \/>\n<meta property=\"article:modified_time\" content=\"2025-02-26T12:10:44+00:00\" \/>\n<meta property=\"og:image\" content=\"https:\/\/altis-project.com\/wp-content\/uploads\/2025\/01\/gradient-4.jpg\" \/>\n\t<meta property=\"og:image:width\" content=\"800\" \/>\n\t<meta property=\"og:image:height\" content=\"800\" \/>\n\t<meta property=\"og:image:type\" content=\"image\/jpeg\" \/>\n<meta name=\"twitter:card\" content=\"summary_large_image\" \/>\n<meta name=\"twitter:label1\" content=\"Tempo di lettura stimato\" \/>\n\t<meta name=\"twitter:data1\" content=\"3 minuti\" \/>\n<script type=\"application\/ld+json\" class=\"yoast-schema-graph\">{\"@context\":\"https:\/\/schema.org\",\"@graph\":[{\"@type\":\"WebPage\",\"@id\":\"https:\/\/altis-project.com\/altis-for-real-estate-managers\/\",\"url\":\"https:\/\/altis-project.com\/altis-for-real-estate-managers\/\",\"name\":\"Altis for Real Estate Managers - Altis Project Srl\",\"isPartOf\":{\"@id\":\"https:\/\/altis-project.com\/#website\"},\"primaryImageOfPage\":{\"@id\":\"https:\/\/altis-project.com\/altis-for-real-estate-managers\/#primaryimage\"},\"image\":{\"@id\":\"https:\/\/altis-project.com\/altis-for-real-estate-managers\/#primaryimage\"},\"thumbnailUrl\":\"https:\/\/altis-project.com\/wp-content\/uploads\/2025\/01\/gradient-4.jpg\",\"datePublished\":\"2025-01-27T11:08:40+00:00\",\"dateModified\":\"2025-02-26T12:10:44+00:00\",\"breadcrumb\":{\"@id\":\"https:\/\/altis-project.com\/altis-for-real-estate-managers\/#breadcrumb\"},\"inLanguage\":\"it-IT\",\"potentialAction\":[{\"@type\":\"ReadAction\",\"target\":[\"https:\/\/altis-project.com\/altis-for-real-estate-managers\/\"]}]},{\"@type\":\"ImageObject\",\"inLanguage\":\"it-IT\",\"@id\":\"https:\/\/altis-project.com\/altis-for-real-estate-managers\/#primaryimage\",\"url\":\"https:\/\/altis-project.com\/wp-content\/uploads\/2025\/01\/gradient-4.jpg\",\"contentUrl\":\"https:\/\/altis-project.com\/wp-content\/uploads\/2025\/01\/gradient-4.jpg\",\"width\":800,\"height\":800},{\"@type\":\"BreadcrumbList\",\"@id\":\"https:\/\/altis-project.com\/altis-for-real-estate-managers\/#breadcrumb\",\"itemListElement\":[{\"@type\":\"ListItem\",\"position\":1,\"name\":\"Home\",\"item\":\"https:\/\/altis-project.com\/\"},{\"@type\":\"ListItem\",\"position\":2,\"name\":\"Altis for Real Estate Managers\"}]},{\"@type\":\"WebSite\",\"@id\":\"https:\/\/altis-project.com\/#website\",\"url\":\"https:\/\/altis-project.com\/\",\"name\":\"Altis Project Srl\",\"description\":\"Designing spaces, elevating lives.\",\"potentialAction\":[{\"@type\":\"SearchAction\",\"target\":{\"@type\":\"EntryPoint\",\"urlTemplate\":\"https:\/\/altis-project.com\/?s={search_term_string}\"},\"query-input\":{\"@type\":\"PropertyValueSpecification\",\"valueRequired\":true,\"valueName\":\"search_term_string\"}}],\"inLanguage\":\"it-IT\"}]}<\/script>\n<!-- \/ Yoast SEO plugin. -->","yoast_head_json":{"title":"Altis for Real Estate Managers - Altis Project Srl","robots":{"index":"index","follow":"follow","max-snippet":"max-snippet:-1","max-image-preview":"max-image-preview:large","max-video-preview":"max-video-preview:-1"},"canonical":"https:\/\/altis-project.com\/it\/altis-for-real-estate-managers\/","og_locale":"it_IT","og_type":"article","og_title":"Altis for Real Estate Managers - Altis Project Srl","og_url":"https:\/\/altis-project.com\/it\/altis-for-real-estate-managers\/","og_site_name":"Altis Project Srl","article_modified_time":"2025-02-26T12:10:44+00:00","og_image":[{"width":800,"height":800,"url":"https:\/\/altis-project.com\/wp-content\/uploads\/2025\/01\/gradient-4.jpg","type":"image\/jpeg"}],"twitter_card":"summary_large_image","twitter_misc":{"Tempo di lettura stimato":"3 minuti"},"schema":{"@context":"https:\/\/schema.org","@graph":[{"@type":"WebPage","@id":"https:\/\/altis-project.com\/altis-for-real-estate-managers\/","url":"https:\/\/altis-project.com\/altis-for-real-estate-managers\/","name":"Altis for Real Estate Managers - Altis Project Srl","isPartOf":{"@id":"https:\/\/altis-project.com\/#website"},"primaryImageOfPage":{"@id":"https:\/\/altis-project.com\/altis-for-real-estate-managers\/#primaryimage"},"image":{"@id":"https:\/\/altis-project.com\/altis-for-real-estate-managers\/#primaryimage"},"thumbnailUrl":"https:\/\/altis-project.com\/wp-content\/uploads\/2025\/01\/gradient-4.jpg","datePublished":"2025-01-27T11:08:40+00:00","dateModified":"2025-02-26T12:10:44+00:00","breadcrumb":{"@id":"https:\/\/altis-project.com\/altis-for-real-estate-managers\/#breadcrumb"},"inLanguage":"it-IT","potentialAction":[{"@type":"ReadAction","target":["https:\/\/altis-project.com\/altis-for-real-estate-managers\/"]}]},{"@type":"ImageObject","inLanguage":"it-IT","@id":"https:\/\/altis-project.com\/altis-for-real-estate-managers\/#primaryimage","url":"https:\/\/altis-project.com\/wp-content\/uploads\/2025\/01\/gradient-4.jpg","contentUrl":"https:\/\/altis-project.com\/wp-content\/uploads\/2025\/01\/gradient-4.jpg","width":800,"height":800},{"@type":"BreadcrumbList","@id":"https:\/\/altis-project.com\/altis-for-real-estate-managers\/#breadcrumb","itemListElement":[{"@type":"ListItem","position":1,"name":"Home","item":"https:\/\/altis-project.com\/"},{"@type":"ListItem","position":2,"name":"Altis for Real Estate Managers"}]},{"@type":"WebSite","@id":"https:\/\/altis-project.com\/#website","url":"https:\/\/altis-project.com\/","name":"Altis Project Srl","description":"Designing spaces, elevating lives.","potentialAction":[{"@type":"SearchAction","target":{"@type":"EntryPoint","urlTemplate":"https:\/\/altis-project.com\/?s={search_term_string}"},"query-input":{"@type":"PropertyValueSpecification","valueRequired":true,"valueName":"search_term_string"}}],"inLanguage":"it-IT"}]}},"_links":{"self":[{"href":"https:\/\/altis-project.com\/it\/wp-json\/wp\/v2\/pages\/145532","targetHints":{"allow":["GET"]}}],"collection":[{"href":"https:\/\/altis-project.com\/it\/wp-json\/wp\/v2\/pages"}],"about":[{"href":"https:\/\/altis-project.com\/it\/wp-json\/wp\/v2\/types\/page"}],"author":[{"embeddable":true,"href":"https:\/\/altis-project.com\/it\/wp-json\/wp\/v2\/users\/2"}],"replies":[{"embeddable":true,"href":"https:\/\/altis-project.com\/it\/wp-json\/wp\/v2\/comments?post=145532"}],"version-history":[{"count":3,"href":"https:\/\/altis-project.com\/it\/wp-json\/wp\/v2\/pages\/145532\/revisions"}],"predecessor-version":[{"id":146249,"href":"https:\/\/altis-project.com\/it\/wp-json\/wp\/v2\/pages\/145532\/revisions\/146249"}],"wp:featuredmedia":[{"embeddable":true,"href":"https:\/\/altis-project.com\/it\/wp-json\/wp\/v2\/media\/132796"}],"wp:attachment":[{"href":"https:\/\/altis-project.com\/it\/wp-json\/wp\/v2\/media?parent=145532"}],"curies":[{"name":"wp","href":"https:\/\/api.w.org\/{rel}","templated":true}]}}